{"id":9476,"date":"2023-03-27T13:47:13","date_gmt":"2023-03-27T17:47:13","guid":{"rendered":"https:\/\/www.couvreurmonteregie.com\/?page_id=9476"},"modified":"2025-06-11T07:50:26","modified_gmt":"2025-06-11T11:50:26","slug":"nos-services","status":"publish","type":"page","link":"https:\/\/couvreurmonteregie.com\/?page_id=9476","title":{"rendered":"Nos services"},"content":{"rendered":"[vc_row type=&#8221;in_container&#8221; full_screen_row_position=&#8221;middle&#8221; column_margin=&#8221;default&#8221; column_direction=&#8221;default&#8221; column_direction_tablet=&#8221;default&#8221; column_direction_phone=&#8221;default&#8221; scene_position=&#8221;center&#8221; constrain_group_2=&#8221;yes&#8221; text_color=&#8221;dark&#8221; text_align=&#8221;left&#8221; row_border_radius=&#8221;none&#8221; row_border_radius_applies=&#8221;bg&#8221; overflow=&#8221;visible&#8221; overlay_strength=&#8221;0.3&#8243; gradient_direction=&#8221;left_to_right&#8221; shape_divider_position=&#8221;bottom&#8221; bg_image_animation=&#8221;none&#8221; gradient_type=&#8221;default&#8221; shape_type=&#8221;&#8221;][vc_column column_padding=&#8221;no-extra-padding&#8221; column_padding_tablet=&#8221;inherit&#8221; column_padding_phone=&#8221;inherit&#8221; column_padding_position=&#8221;all&#8221; column_element_direction_desktop=&#8221;default&#8221; column_element_spacing=&#8221;default&#8221; desktop_text_alignment=&#8221;default&#8221; tablet_text_alignment=&#8221;default&#8221; phone_text_alignment=&#8221;default&#8221; background_color_opacity=&#8221;1&#8243; background_hover_color_opacity=&#8221;1&#8243; column_backdrop_filter=&#8221;none&#8221; column_shadow=&#8221;none&#8221; column_border_radius=&#8221;none&#8221; column_link_target=&#8221;_self&#8221; column_position=&#8221;default&#8221; gradient_direction=&#8221;left_to_right&#8221; overlay_strength=&#8221;0.3&#8243; width=&#8221;1\/1&#8243; tablet_width_inherit=&#8221;default&#8221; animation_type=&#8221;default&#8221; bg_image_animation=&#8221;none&#8221; border_type=&#8221;simple&#8221; column_border_width=&#8221;none&#8221; column_border_style=&#8221;solid&#8221;][vc_column_text]<div id=\"gv-view-13759-1\">\t\t<div class=\"gv-grid gv-widgets-header gv-widgets-no-results\">\n\t\t\t\t\t\t\t<div class=\"gv-grid-row\">\n\t\t\t\t\t\t\t\t\t<div class=\"gv-grid-col-1-1 gv-left\">\n\t\t\t\t\t\t<script type=\"text\/javascript\">\n\/* <![CDATA[ *\/\nvar gform;gform||(document.addEventListener(\"gform_main_scripts_loaded\",function(){gform.scriptsLoaded=!0}),document.addEventListener(\"gform\/theme\/scripts_loaded\",function(){gform.themeScriptsLoaded=!0}),window.addEventListener(\"DOMContentLoaded\",function(){gform.domLoaded=!0}),gform={domLoaded:!1,scriptsLoaded:!1,themeScriptsLoaded:!1,isFormEditor:()=>\"function\"==typeof InitializeEditor,callIfLoaded:function(o){return!(!gform.domLoaded||!gform.scriptsLoaded||!gform.themeScriptsLoaded&&!gform.isFormEditor()||(gform.isFormEditor()&&console.warn(\"The use of gform.initializeOnLoaded() is deprecated in the form editor context and will be removed in Gravity Forms 3.1.\"),o(),0))},initializeOnLoaded:function(o){gform.callIfLoaded(o)||(document.addEventListener(\"gform_main_scripts_loaded\",()=>{gform.scriptsLoaded=!0,gform.callIfLoaded(o)}),document.addEventListener(\"gform\/theme\/scripts_loaded\",()=>{gform.themeScriptsLoaded=!0,gform.callIfLoaded(o)}),window.addEventListener(\"DOMContentLoaded\",()=>{gform.domLoaded=!0,gform.callIfLoaded(o)}))},hooks:{action:{},filter:{}},addAction:function(o,r,e,t){gform.addHook(\"action\",o,r,e,t)},addFilter:function(o,r,e,t){gform.addHook(\"filter\",o,r,e,t)},doAction:function(o){gform.doHook(\"action\",o,arguments)},applyFilters:function(o){return gform.doHook(\"filter\",o,arguments)},removeAction:function(o,r){gform.removeHook(\"action\",o,r)},removeFilter:function(o,r,e){gform.removeHook(\"filter\",o,r,e)},addHook:function(o,r,e,t,n){null==gform.hooks[o][r]&&(gform.hooks[o][r]=[]);var d=gform.hooks[o][r];null==n&&(n=r+\"_\"+d.length),gform.hooks[o][r].push({tag:n,callable:e,priority:t=null==t?10:t})},doHook:function(r,o,e){var t;if(e=Array.prototype.slice.call(e,1),null!=gform.hooks[r][o]&&((o=gform.hooks[r][o]).sort(function(o,r){return o.priority-r.priority}),o.forEach(function(o){\"function\"!=typeof(t=o.callable)&&(t=window[t]),\"action\"==r?t.apply(null,e):e[0]=t.apply(null,e)})),\"filter\"==r)return e[0]},removeHook:function(o,r,t,n){var e;null!=gform.hooks[o][r]&&(e=(e=gform.hooks[o][r]).filter(function(o,r,e){return!!(null!=n&&n!=o.tag||null!=t&&t!=o.priority)}),gform.hooks[o][r]=e)}});\n\/* ]]> *\/\n<\/script>\n\n<form class=\"gv-widget-search gv-search-horizontal\" method=\"get\" action=\"https:\/\/couvreurmonteregie.com\/?page_id=9476#gv-view-13759-1\" data-viewid=\"13759\">\n\n\t<div class=\"gv-search-box gv-search-field-select\">\n\t\t\t<label for=\"search-box-filter_100\">R\u00e9gion administrative<\/label>\n\t\t<p>\n\t\t<select name=\"filter_100\" id=\"search-box-filter_100\">\n\t\t\t<option value=\"\"  selected='selected'>&mdash;<\/option>\n\t\t\t\t\t\t\t\t\t\t\t\t<option value=\"Bas-Saint-Laurent\" >Bas-Saint-Laurent<\/option>\n\t\t\t\t\t\t\t\t\t\t\t\t\t\t\t\t<option value=\"Saguenay-Lac-Saint-Jean\" >Saguenay-Lac-Saint-Jean<\/option>\n\t\t\t\t\t\t\t\t\t\t\t\t\t\t\t\t<option value=\"Capitale-Nationale\" >Capitale-Nationale<\/option>\n\t\t\t\t\t\t\t\t\t\t\t\t\t\t\t\t<option value=\"Mauricie\" >Mauricie<\/option>\n\t\t\t\t\t\t\t\t\t\t\t\t\t\t\t\t<option value=\"Estrie\" >Estrie<\/option>\n\t\t\t\t\t\t\t\t\t\t\t\t\t\t\t\t<option value=\"Montr\u00e9al\" >Montr\u00e9al<\/option>\n\t\t\t\t\t\t\t\t\t\t\t\t\t\t\t\t<option value=\"Outaouais\" >Outaouais<\/option>\n\t\t\t\t\t\t\t\t\t\t\t\t\t\t\t\t<option value=\"Abitibi-T\u00e9miscamingue\" >Abitibi-T\u00e9miscamingue<\/option>\n\t\t\t\t\t\t\t\t\t\t\t\t\t\t\t\t<option value=\"C\u00f4te-Nord\" >C\u00f4te-Nord<\/option>\n\t\t\t\t\t\t\t\t\t\t\t\t\t\t\t\t<option value=\"Nord-du-Qu\u00e9bec\" >Nord-du-Qu\u00e9bec<\/option>\n\t\t\t\t\t\t\t\t\t\t\t\t\t\t\t\t<option value=\"Gasp\u00e9sie-\u00celes-de-la-Madeleine\" >Gasp\u00e9sie-\u00celes-de-la-Madeleine<\/option>\n\t\t\t\t\t\t\t\t\t\t\t\t\t\t\t\t<option value=\"Chaudi\u00e8re-Appalaches\" >Chaudi\u00e8re-Appalaches<\/option>\n\t\t\t\t\t\t\t\t\t\t\t\t\t\t\t\t<option value=\"Laval\" >Laval<\/option>\n\t\t\t\t\t\t\t\t\t\t\t\t\t\t\t\t<option value=\"Lanaudi\u00e8re\" >Lanaudi\u00e8re<\/option>\n\t\t\t\t\t\t\t\t\t\t\t\t\t\t\t\t<option value=\"Laurentides\" >Laurentides<\/option>\n\t\t\t\t\t\t\t\t\t\t\t\t\t\t\t\t<option value=\"Mont\u00e9r\u00e9gie\" >Mont\u00e9r\u00e9gie<\/option>\n\t\t\t\t\t\t\t\t\t\t\t\t\t\t\t\t<option value=\"Centre-du-Qu\u00e9bec\" >Centre-du-Qu\u00e9bec<\/option>\n\t\t\t\t\t\t\t\t\t<\/select>\n\t<\/p>\n<\/div>\n<div><input type=\"hidden\" name=\"page_id\" value=\"9476\"><\/div><div class=\"gv-search-box gv-search-box-submit\">\n\t\t\t\t<input type=\"hidden\" name=\"rest_route\" value=\"\/wp\/v2\/pages\/9476\" \/>\n\t\t\t\t<input type=\"hidden\" name=\"mode\" value=\"any\" \/>\n\t<input type=\"submit\" class=\"button gv-search-button\" id=\"gv_search_button_13759\" value=\"Rechercher\" \/>\n<\/div>\n<\/form>\n\t\t\t\t\t<\/div>\n\t\t\t\t\t\t\t\t<\/div>\n\t\t\t\t\t\t\t<div class=\"gv-grid-row\">\n\t\t\t\t\t\t\t\t\t<div class=\"gv-grid-col-1-2 left gv-left\">\n\t\t\t\t\t\t\t\t\t\t\t<\/div>\n\t\t\t\t\t\t\t\t\t<div class=\"gv-grid-col-1-2 right gv-right\">\n\t\t\t\t\t\t\t\t\t\t\t<\/div>\n\t\t\t\t\t\t\t\t<\/div>\n\t\t\t\t\t<\/div>\n\n\t\t<div itemscope itemtype=\"https:\/\/schema.org\/Thing\" id=\"gv-item-reviewed\" itemprop=\"itemReviewed\"><div class=\"gv-list-container gv-list-multiple-container gv-container gv-container-13759 gv-container-no-results\">\n\t\t<div class=\"gv-list-view gv-no-results gv-no-results-text\">\n\t\t<div class=\"gv-list-view-title\">\n\t\t\t<h3><p>Aucune entr\u00e9e ne correspond \u00e0 votre recherche.<\/p>\n<\/h3>\n\t\t<\/div>\n\t<\/div>\n\t\t<\/div>\n\t\t<style>\n\t\t\t.fancybox-container {\n\t\t\t\tz-index: 100000; \/** Divi is 99999 *\/\n\t\t\t}\n\n\t\t\t.admin-bar .fancybox-container {\n\t\t\t\tmargin-top: 32px;\n\t\t\t}\n\t\t<\/style>\n\t\t<script>\n\t\t\tif ( window.Fancybox ){\n\t\t\t\tFancybox.bind(\".gravityview-fancybox\", {\"animationEffect\":\"fade\",\"toolbar\":true,\"closeExisting\":true,\"arrows\":true,\"buttons\":[\"thumbs\",\"close\"],\"i18n\":{\"en\":{\"CLOSE\":\"Fermer\",\"NEXT\":\"Suivant\",\"PREV\":\"Pr\\u00e9c\\u00e9dent\",\"ERROR\":\"Le contenu demand\\u00e9 ne peut pas \\u00eatre charg\\u00e9. Veuillez r\\u00e9essayer plus tard.\",\"PLAY_START\":\"D\\u00e9marrer le diaporama\",\"PLAY_STOP\":\"Mettre le diaporama en pause\",\"FULL_SCREEN\":\"Plein \\u00e9cran\",\"THUMBS\":\"Vignettes\",\"DOWNLOAD\":\"T\\u00e9l\\u00e9charger\",\"SHARE\":\"Partager\",\"ZOOM\":\"Zoom\"}}});\n\t\t\t}\n\t\t<\/script>\n\t\t\t\t<div class=\"gv-grid gv-widgets-footer gv-widgets-no-results\">\n\t\t\t\t\t\t\t<div class=\"gv-grid-row\">\n\t\t\t\t\t\t\t\t\t<div class=\"gv-grid-col-1-2 left gv-left\">\n\t\t\t\t\t\t\t\t\t\t\t<\/div>\n\t\t\t\t\t\t\t\t\t<div class=\"gv-grid-col-1-2 right gv-right\">\n\t\t\t\t\t\t\t\t\t\t\t<\/div>\n\t\t\t\t\t\t\t\t<\/div>\n\t\t\t\t\t<\/div>\n\n\t\t<input type=\"hidden\" class=\"gravityview-view-id\" value=\"13759\"><\/div><\/div>[\/vc_column_text][vc_column_text css=&#8221;.vc_custom_1746802388970{padding-top: 20px !important;}&#8221;]<strong>Avis<\/strong><br \/>\nNotre r\u00e9pertoire est fourni \u00e0 titre informatif seulement. Nous ne sommes pas responsables des erreurs ou des changements non signal\u00e9s. Veuillez v\u00e9rifier aupr\u00e8s des sources officielles.[\/vc_column_text][\/vc_column][\/vc_row]\n","protected":false},"excerpt":{"rendered":"<p>[vc_row type=&#8221;in_container&#8221; full_screen_row_position=&#8221;middle&#8221; column_margin=&#8221;default&#8221; column_direction=&#8221;default&#8221; column_direction_tablet=&#8221;default&#8221; column_direction_phone=&#8221;default&#8221; scene_position=&#8221;center&#8221; constrain_group_2=&#8221;yes&#8221; text_color=&#8221;dark&#8221; text_align=&#8221;left&#8221; row_border_radius=&#8221;none&#8221; row_border_radius_applies=&#8221;bg&#8221; overflow=&#8221;visible&#8221; overlay_strength=&#8221;0.3&#8243; gradient_direction=&#8221;left_to_right&#8221; shape_divider_position=&#8221;bottom&#8221; bg_image_animation=&#8221;none&#8221; gradient_type=&#8221;default&#8221; shape_type=&#8221;&#8221;][vc_column column_padding=&#8221;no-extra-padding&#8221; column_padding_tablet=&#8221;inherit&#8221; column_padding_phone=&#8221;inherit&#8221; column_padding_position=&#8221;all&#8221; column_element_direction_desktop=&#8221;default&#8221; column_element_spacing=&#8221;default&#8221; desktop_text_alignment=&#8221;default&#8221; tablet_text_alignment=&#8221;default&#8221; phone_text_alignment=&#8221;default&#8221; background_color_opacity=&#8221;1&#8243;&#8230;<\/p>\n","protected":false},"author":4,"featured_media":0,"parent":0,"menu_order":5,"comment_status":"closed","ping_status":"closed","template":"","meta":{"footnotes":""},"ville":[],"categorie":[],"class_list":["post-9476","page","type-page","status-publish"],"yoast_head":"<!-- This site is optimized with the Yoast SEO plugin v25.1 - https:\/\/yoast.com\/wordpress\/plugins\/seo\/ -->\n<title>Nos services - Toiture Rive-Sud et Mont\u00e9r\u00e9gie<\/title>\n<meta name=\"robots\" content=\"noindex, follow, max-snippet:-1, max-image-preview:large, max-video-preview:-1\" \/>\n<meta property=\"og:locale\" content=\"fr_FR\" \/>\n<meta property=\"og:type\" content=\"article\" \/>\n<meta property=\"og:title\" content=\"Nos services - Toiture Rive-Sud et Mont\u00e9r\u00e9gie\" \/>\n<meta property=\"og:description\" content=\"[vc_row type=&#8221;in_container&#8221; full_screen_row_position=&#8221;middle&#8221; column_margin=&#8221;default&#8221; column_direction=&#8221;default&#8221; column_direction_tablet=&#8221;default&#8221; column_direction_phone=&#8221;default&#8221; scene_position=&#8221;center&#8221; constrain_group_2=&#8221;yes&#8221; text_color=&#8221;dark&#8221; text_align=&#8221;left&#8221; row_border_radius=&#8221;none&#8221; row_border_radius_applies=&#8221;bg&#8221; overflow=&#8221;visible&#8221; overlay_strength=&#8221;0.3&#8243; gradient_direction=&#8221;left_to_right&#8221; shape_divider_position=&#8221;bottom&#8221; bg_image_animation=&#8221;none&#8221; gradient_type=&#8221;default&#8221; shape_type=&#8221;&#8221;][vc_column column_padding=&#8221;no-extra-padding&#8221; column_padding_tablet=&#8221;inherit&#8221; column_padding_phone=&#8221;inherit&#8221; column_padding_position=&#8221;all&#8221; column_element_direction_desktop=&#8221;default&#8221; column_element_spacing=&#8221;default&#8221; desktop_text_alignment=&#8221;default&#8221; tablet_text_alignment=&#8221;default&#8221; phone_text_alignment=&#8221;default&#8221; background_color_opacity=&#8221;1&#8243;...\" \/>\n<meta property=\"og:url\" content=\"https:\/\/couvreurmonteregie.com\/?page_id=9476\" \/>\n<meta property=\"og:site_name\" content=\"Toiture Rive-Sud et Mont\u00e9r\u00e9gie\" \/>\n<meta property=\"article:modified_time\" content=\"2025-06-11T11:50:26+00:00\" \/>\n<meta name=\"twitter:card\" content=\"summary_large_image\" \/>\n<meta name=\"twitter:label1\" content=\"Dur\u00e9e de lecture estim\u00e9e\" \/>\n\t<meta name=\"twitter:data1\" content=\"1 minute\" \/>\n<script type=\"application\/ld+json\" class=\"yoast-schema-graph\">{\"@context\":\"https:\/\/schema.org\",\"@graph\":[{\"@type\":\"WebPage\",\"@id\":\"https:\/\/couvreurmonteregie.com\/?page_id=9476\",\"url\":\"https:\/\/couvreurmonteregie.com\/?page_id=9476\",\"name\":\"Nos services - Toiture Rive-Sud et Mont\u00e9r\u00e9gie\",\"isPartOf\":{\"@id\":\"https:\/\/www.couvreurmonteregie.com\/#website\"},\"datePublished\":\"2023-03-27T17:47:13+00:00\",\"dateModified\":\"2025-06-11T11:50:26+00:00\",\"breadcrumb\":{\"@id\":\"https:\/\/couvreurmonteregie.com\/?page_id=9476#breadcrumb\"},\"inLanguage\":\"fr-FR\",\"potentialAction\":[{\"@type\":\"ReadAction\",\"target\":[\"https:\/\/couvreurmonteregie.com\/?page_id=9476\"]}]},{\"@type\":\"BreadcrumbList\",\"@id\":\"https:\/\/couvreurmonteregie.com\/?page_id=9476#breadcrumb\",\"itemListElement\":[{\"@type\":\"ListItem\",\"position\":1,\"name\":\"Accueil\",\"item\":\"https:\/\/couvreurmonteregie.com\/\"},{\"@type\":\"ListItem\",\"position\":2,\"name\":\"Nos services\"}]},{\"@type\":\"WebSite\",\"@id\":\"https:\/\/www.couvreurmonteregie.com\/#website\",\"url\":\"https:\/\/www.couvreurmonteregie.com\/\",\"name\":\"Reseau plombier\",\"description\":\"Sp\u00e9cialiste en toits plats commerciaux et r\u00e9sidentiels\",\"publisher\":{\"@id\":\"https:\/\/www.couvreurmonteregie.com\/#organization\"},\"potentialAction\":[{\"@type\":\"SearchAction\",\"target\":{\"@type\":\"EntryPoint\",\"urlTemplate\":\"https:\/\/www.couvreurmonteregie.com\/?s={search_term_string}\"},\"query-input\":{\"@type\":\"PropertyValueSpecification\",\"valueRequired\":true,\"valueName\":\"search_term_string\"}}],\"inLanguage\":\"fr-FR\"},{\"@type\":\"Organization\",\"@id\":\"https:\/\/www.couvreurmonteregie.com\/#organization\",\"name\":\"Reseau plombier\",\"url\":\"https:\/\/www.couvreurmonteregie.com\/\",\"logo\":{\"@type\":\"ImageObject\",\"inLanguage\":\"fr-FR\",\"@id\":\"https:\/\/www.couvreurmonteregie.com\/#\/schema\/logo\/image\/\",\"url\":\"https:\/\/couvreurmonteregie.com\/wp-content\/uploads\/2023\/11\/LOGO_90PX.jpg\",\"contentUrl\":\"https:\/\/couvreurmonteregie.com\/wp-content\/uploads\/2023\/11\/LOGO_90PX.jpg\",\"width\":254,\"height\":90,\"caption\":\"Reseau plombier\"},\"image\":{\"@id\":\"https:\/\/www.couvreurmonteregie.com\/#\/schema\/logo\/image\/\"}}]}<\/script>\n<!-- \/ Yoast SEO plugin. -->","yoast_head_json":{"title":"Nos services - Toiture Rive-Sud et Mont\u00e9r\u00e9gie","robots":{"index":"noindex","follow":"follow","max-snippet":"max-snippet:-1","max-image-preview":"max-image-preview:large","max-video-preview":"max-video-preview:-1"},"og_locale":"fr_FR","og_type":"article","og_title":"Nos services - Toiture Rive-Sud et Mont\u00e9r\u00e9gie","og_description":"[vc_row type=&#8221;in_container&#8221; full_screen_row_position=&#8221;middle&#8221; column_margin=&#8221;default&#8221; column_direction=&#8221;default&#8221; column_direction_tablet=&#8221;default&#8221; column_direction_phone=&#8221;default&#8221; scene_position=&#8221;center&#8221; constrain_group_2=&#8221;yes&#8221; text_color=&#8221;dark&#8221; text_align=&#8221;left&#8221; row_border_radius=&#8221;none&#8221; row_border_radius_applies=&#8221;bg&#8221; overflow=&#8221;visible&#8221; overlay_strength=&#8221;0.3&#8243; gradient_direction=&#8221;left_to_right&#8221; shape_divider_position=&#8221;bottom&#8221; bg_image_animation=&#8221;none&#8221; gradient_type=&#8221;default&#8221; shape_type=&#8221;&#8221;][vc_column column_padding=&#8221;no-extra-padding&#8221; column_padding_tablet=&#8221;inherit&#8221; column_padding_phone=&#8221;inherit&#8221; column_padding_position=&#8221;all&#8221; column_element_direction_desktop=&#8221;default&#8221; column_element_spacing=&#8221;default&#8221; desktop_text_alignment=&#8221;default&#8221; tablet_text_alignment=&#8221;default&#8221; phone_text_alignment=&#8221;default&#8221; background_color_opacity=&#8221;1&#8243;...","og_url":"https:\/\/couvreurmonteregie.com\/?page_id=9476","og_site_name":"Toiture Rive-Sud et Mont\u00e9r\u00e9gie","article_modified_time":"2025-06-11T11:50:26+00:00","twitter_card":"summary_large_image","twitter_misc":{"Dur\u00e9e de lecture estim\u00e9e":"1 minute"},"schema":{"@context":"https:\/\/schema.org","@graph":[{"@type":"WebPage","@id":"https:\/\/couvreurmonteregie.com\/?page_id=9476","url":"https:\/\/couvreurmonteregie.com\/?page_id=9476","name":"Nos services - Toiture Rive-Sud et Mont\u00e9r\u00e9gie","isPartOf":{"@id":"https:\/\/www.couvreurmonteregie.com\/#website"},"datePublished":"2023-03-27T17:47:13+00:00","dateModified":"2025-06-11T11:50:26+00:00","breadcrumb":{"@id":"https:\/\/couvreurmonteregie.com\/?page_id=9476#breadcrumb"},"inLanguage":"fr-FR","potentialAction":[{"@type":"ReadAction","target":["https:\/\/couvreurmonteregie.com\/?page_id=9476"]}]},{"@type":"BreadcrumbList","@id":"https:\/\/couvreurmonteregie.com\/?page_id=9476#breadcrumb","itemListElement":[{"@type":"ListItem","position":1,"name":"Accueil","item":"https:\/\/couvreurmonteregie.com\/"},{"@type":"ListItem","position":2,"name":"Nos services"}]},{"@type":"WebSite","@id":"https:\/\/www.couvreurmonteregie.com\/#website","url":"https:\/\/www.couvreurmonteregie.com\/","name":"Reseau plombier","description":"Sp\u00e9cialiste en toits plats commerciaux et r\u00e9sidentiels","publisher":{"@id":"https:\/\/www.couvreurmonteregie.com\/#organization"},"potentialAction":[{"@type":"SearchAction","target":{"@type":"EntryPoint","urlTemplate":"https:\/\/www.couvreurmonteregie.com\/?s={search_term_string}"},"query-input":{"@type":"PropertyValueSpecification","valueRequired":true,"valueName":"search_term_string"}}],"inLanguage":"fr-FR"},{"@type":"Organization","@id":"https:\/\/www.couvreurmonteregie.com\/#organization","name":"Reseau plombier","url":"https:\/\/www.couvreurmonteregie.com\/","logo":{"@type":"ImageObject","inLanguage":"fr-FR","@id":"https:\/\/www.couvreurmonteregie.com\/#\/schema\/logo\/image\/","url":"https:\/\/couvreurmonteregie.com\/wp-content\/uploads\/2023\/11\/LOGO_90PX.jpg","contentUrl":"https:\/\/couvreurmonteregie.com\/wp-content\/uploads\/2023\/11\/LOGO_90PX.jpg","width":254,"height":90,"caption":"Reseau plombier"},"image":{"@id":"https:\/\/www.couvreurmonteregie.com\/#\/schema\/logo\/image\/"}}]}},"_links":{"self":[{"href":"https:\/\/couvreurmonteregie.com\/index.php?rest_route=\/wp\/v2\/pages\/9476","targetHints":{"allow":["GET"]}}],"collection":[{"href":"https:\/\/couvreurmonteregie.com\/index.php?rest_route=\/wp\/v2\/pages"}],"about":[{"href":"https:\/\/couvreurmonteregie.com\/index.php?rest_route=\/wp\/v2\/types\/page"}],"author":[{"embeddable":true,"href":"https:\/\/couvreurmonteregie.com\/index.php?rest_route=\/wp\/v2\/users\/4"}],"replies":[{"embeddable":true,"href":"https:\/\/couvreurmonteregie.com\/index.php?rest_route=%2Fwp%2Fv2%2Fcomments&post=9476"}],"version-history":[{"count":60,"href":"https:\/\/couvreurmonteregie.com\/index.php?rest_route=\/wp\/v2\/pages\/9476\/revisions"}],"predecessor-version":[{"id":15057,"href":"https:\/\/couvreurmonteregie.com\/index.php?rest_route=\/wp\/v2\/pages\/9476\/revisions\/15057"}],"wp:attachment":[{"href":"https:\/\/couvreurmonteregie.com\/index.php?rest_route=%2Fwp%2Fv2%2Fmedia&parent=9476"}],"wp:term":[{"taxonomy":"ville","embeddable":true,"href":"https:\/\/couvreurmonteregie.com\/index.php?rest_route=%2Fwp%2Fv2%2Fville&post=9476"},{"taxonomy":"categorie","embeddable":true,"href":"https:\/\/couvreurmonteregie.com\/index.php?rest_route=%2Fwp%2Fv2%2Fcategorie&post=9476"}],"curies":[{"name":"wp","href":"https:\/\/api.w.org\/{rel}","templated":true}]}}