{"id":15121,"date":"2025-06-13T11:03:46","date_gmt":"2025-06-13T15:03:46","guid":{"rendered":"https:\/\/www.couvreurmonteregie.com\/?page_id=15121"},"modified":"2025-06-13T11:04:57","modified_gmt":"2025-06-13T15:04:57","slug":"realisations","status":"publish","type":"page","link":"https:\/\/couvreurmonteregie.com\/?page_id=15121","title":{"rendered":"R\u00e9alisations"},"content":{"rendered":"[vc_row type=&#8221;full_width_background&#8221; full_screen_row_position=&#8221;middle&#8221; column_margin=&#8221;default&#8221; equal_height=&#8221;yes&#8221; content_placement=&#8221;middle&#8221; column_direction=&#8221;default&#8221; column_direction_tablet=&#8221;default&#8221; column_direction_phone=&#8221;default&#8221; bg_image=&#8221;14384&#8243; bg_position=&#8221;center center&#8221; background_image_loading=&#8221;default&#8221; bg_repeat=&#8221;no-repeat&#8221; scene_position=&#8221;center&#8221; top_padding=&#8221;2%&#8221; constrain_group_1=&#8221;yes&#8221; bottom_padding=&#8221;2%&#8221; text_color=&#8221;dark&#8221; text_align=&#8221;left&#8221; row_border_radius=&#8221;none&#8221; row_border_radius_applies=&#8221;bg&#8221; overflow=&#8221;visible&#8221; color_overlay=&#8221;#ffffff&#8221; advanced_gradient_angle=&#8221;0&#8243; overlay_strength=&#8221;0.95&#8243; gradient_direction=&#8221;left_to_right&#8221; shape_divider_position=&#8221;bottom&#8221; bg_image_animation=&#8221;none&#8221; parallax_bg=&#8221;true&#8221; parallax_bg_speed=&#8221;medium_fast&#8221; shape_type=&#8221;&#8221; gradient_type=&#8221;default&#8221;][vc_column column_padding=&#8221;no-extra-padding&#8221; column_padding_tablet=&#8221;inherit&#8221; column_padding_phone=&#8221;inherit&#8221; column_padding_position=&#8221;all&#8221; column_element_direction_desktop=&#8221;default&#8221; column_element_spacing=&#8221;default&#8221; desktop_text_alignment=&#8221;default&#8221; tablet_text_alignment=&#8221;default&#8221; phone_text_alignment=&#8221;default&#8221; background_color_opacity=&#8221;1&#8243; background_hover_color_opacity=&#8221;1&#8243; column_backdrop_filter=&#8221;none&#8221; column_shadow=&#8221;none&#8221; column_border_radius=&#8221;none&#8221; column_link_target=&#8221;_self&#8221; column_position=&#8221;default&#8221; advanced_gradient_angle=&#8221;0&#8243; gradient_direction=&#8221;left_to_right&#8221; overlay_strength=&#8221;0.3&#8243; width=&#8221;1\/2&#8243; tablet_width_inherit=&#8221;default&#8221; animation_type=&#8221;default&#8221; bg_image_animation=&#8221;none&#8221; border_type=&#8221;simple&#8221; column_border_width=&#8221;none&#8221; column_border_style=&#8221;solid&#8221; gradient_type=&#8221;default&#8221;][vc_gallery type=&#8221;nectarslider_style&#8221; images=&#8221;15118,15117,15116,15115,15114,15113,15112,15104,15106,15107,15108,15109,15110,15111,15103&#8243; image_loading=&#8221;default&#8221; bullet_navigation_style=&#8221;see_through&#8221; onclick=&#8221;link_no&#8221;][\/vc_column][vc_column column_padding=&#8221;padding-3-percent&#8221; column_padding_tablet=&#8221;inherit&#8221; column_padding_phone=&#8221;inherit&#8221; column_padding_position=&#8221;all&#8221; column_element_direction_desktop=&#8221;default&#8221; column_element_spacing=&#8221;default&#8221; desktop_text_alignment=&#8221;default&#8221; tablet_text_alignment=&#8221;default&#8221; phone_text_alignment=&#8221;default&#8221; background_color_opacity=&#8221;1&#8243; background_hover_color_opacity=&#8221;1&#8243; column_backdrop_filter=&#8221;none&#8221; column_shadow=&#8221;none&#8221; column_border_radius=&#8221;none&#8221; column_link_target=&#8221;_self&#8221; column_position=&#8221;default&#8221; advanced_gradient_angle=&#8221;0&#8243; gradient_direction=&#8221;left_to_right&#8221; overlay_strength=&#8221;0.3&#8243; width=&#8221;1\/2&#8243; tablet_width_inherit=&#8221;default&#8221; animation_type=&#8221;default&#8221; enable_animation=&#8221;true&#8221; animation=&#8221;slight-twist&#8221; animation_easing=&#8221;default&#8221; bg_image_animation=&#8221;none&#8221; border_type=&#8221;simple&#8221; column_border_width=&#8221;none&#8221; column_border_color=&#8221;#399093&#8243; column_border_style=&#8221;solid&#8221; gradient_type=&#8221;default&#8221; column_padding_type=&#8221;default&#8221;][vc_column_text]\n<h2>Sp\u00e9cialistes du toit plat<\/h2>\n[\/vc_column_text][vc_column_text]\n<h3>Toits plats et de bardeaux partout sur la Rive-Sud de Montr\u00e9al<\/h3>\n[\/vc_column_text][divider line_type=&#8221;Small Line&#8221; line_alignment=&#8221;default&#8221; line_thickness=&#8221;2&#8243; divider_color=&#8221;accent-color&#8221;][vc_column_text]D\u00e9couvrez ici quelques-unes de nos r\u00e9alisations qui t\u00e9moignent de notre savoir-faire et de notre engagement envers la qualit\u00e9. Sp\u00e9cialistes du toit plat, nous r\u00e9alisons chaque projet avec une grande pr\u00e9cision, que ce soit pour des b\u00e2timents commerciaux, industriels ou multilogements. Gr\u00e2ce \u00e0 notre expertise technique et \u00e0 l&#8217;utilisation de mat\u00e9riaux durables comme la membrane \u00e9lastom\u00e8re, nous assurons une \u00e9tanch\u00e9it\u00e9 optimale et une finition professionnelle \u00e0 long terme.<\/p>\n<p>Notre \u00e9quipe poss\u00e8de \u00e9galement une solide exp\u00e9rience dans la pose de toitures r\u00e9sidentielles en bardeaux d\u2019asphalte. Que ce soit pour une construction neuve ou une r\u00e9fection compl\u00e8te, nous garantissons un travail soign\u00e9, s\u00e9curitaire et conforme aux plus hauts standards de l\u2019industrie. Chaque toit est install\u00e9 avec soin pour offrir une protection efficace contre les intemp\u00e9ries, tout en respectant l\u2019esth\u00e9tique de votre maison.[\/vc_column_text][\/vc_column][\/vc_row]\n","protected":false},"excerpt":{"rendered":"<p>[vc_row type=&#8221;full_width_background&#8221; full_screen_row_position=&#8221;middle&#8221; column_margin=&#8221;default&#8221; equal_height=&#8221;yes&#8221; content_placement=&#8221;middle&#8221; column_direction=&#8221;default&#8221; column_direction_tablet=&#8221;default&#8221; column_direction_phone=&#8221;default&#8221; bg_image=&#8221;14384&#8243; bg_position=&#8221;center center&#8221; background_image_loading=&#8221;default&#8221; bg_repeat=&#8221;no-repeat&#8221; scene_position=&#8221;center&#8221; top_padding=&#8221;2%&#8221; constrain_group_1=&#8221;yes&#8221; bottom_padding=&#8221;2%&#8221; text_color=&#8221;dark&#8221; text_align=&#8221;left&#8221; row_border_radius=&#8221;none&#8221; row_border_radius_applies=&#8221;bg&#8221; overflow=&#8221;visible&#8221; color_overlay=&#8221;#ffffff&#8221; advanced_gradient_angle=&#8221;0&#8243; overlay_strength=&#8221;0.95&#8243; gradient_direction=&#8221;left_to_right&#8221; shape_divider_position=&#8221;bottom&#8221; bg_image_animation=&#8221;none&#8221; parallax_bg=&#8221;true&#8221;&#8230;<\/p>\n","protected":false},"author":1335,"featured_media":0,"parent":0,"menu_order":0,"comment_status":"closed","ping_status":"closed","template":"","meta":{"footnotes":""},"ville":[],"categorie":[],"class_list":["post-15121","page","type-page","status-publish"],"yoast_head":"<!-- This site is optimized with the Yoast SEO plugin v25.1 - https:\/\/yoast.com\/wordpress\/plugins\/seo\/ -->\n<title>R\u00e9alisations - Toiture Rive-Sud et Mont\u00e9r\u00e9gie<\/title>\n<meta name=\"robots\" content=\"noindex, follow, max-snippet:-1, max-image-preview:large, max-video-preview:-1\" \/>\n<meta property=\"og:locale\" content=\"fr_FR\" \/>\n<meta property=\"og:type\" content=\"article\" \/>\n<meta property=\"og:title\" content=\"R\u00e9alisations - Toiture Rive-Sud et Mont\u00e9r\u00e9gie\" \/>\n<meta property=\"og:description\" content=\"[vc_row type=&#8221;full_width_background&#8221; full_screen_row_position=&#8221;middle&#8221; column_margin=&#8221;default&#8221; equal_height=&#8221;yes&#8221; content_placement=&#8221;middle&#8221; column_direction=&#8221;default&#8221; column_direction_tablet=&#8221;default&#8221; column_direction_phone=&#8221;default&#8221; bg_image=&#8221;14384&#8243; bg_position=&#8221;center center&#8221; background_image_loading=&#8221;default&#8221; bg_repeat=&#8221;no-repeat&#8221; scene_position=&#8221;center&#8221; top_padding=&#8221;2%&#8221; constrain_group_1=&#8221;yes&#8221; bottom_padding=&#8221;2%&#8221; text_color=&#8221;dark&#8221; text_align=&#8221;left&#8221; row_border_radius=&#8221;none&#8221; row_border_radius_applies=&#8221;bg&#8221; overflow=&#8221;visible&#8221; color_overlay=&#8221;#ffffff&#8221; advanced_gradient_angle=&#8221;0&#8243; overlay_strength=&#8221;0.95&#8243; gradient_direction=&#8221;left_to_right&#8221; shape_divider_position=&#8221;bottom&#8221; bg_image_animation=&#8221;none&#8221; parallax_bg=&#8221;true&#8221;...\" \/>\n<meta property=\"og:url\" content=\"https:\/\/couvreurmonteregie.com\/?page_id=15121\" \/>\n<meta property=\"og:site_name\" content=\"Toiture Rive-Sud et Mont\u00e9r\u00e9gie\" \/>\n<meta property=\"article:modified_time\" content=\"2025-06-13T15:04:57+00:00\" \/>\n<meta name=\"twitter:card\" content=\"summary_large_image\" \/>\n<meta name=\"twitter:label1\" content=\"Dur\u00e9e de lecture estim\u00e9e\" \/>\n\t<meta name=\"twitter:data1\" content=\"5 minutes\" \/>\n<script type=\"application\/ld+json\" class=\"yoast-schema-graph\">{\"@context\":\"https:\/\/schema.org\",\"@graph\":[{\"@type\":\"WebPage\",\"@id\":\"https:\/\/couvreurmonteregie.com\/?page_id=15121\",\"url\":\"https:\/\/couvreurmonteregie.com\/?page_id=15121\",\"name\":\"R\u00e9alisations - Toiture Rive-Sud et Mont\u00e9r\u00e9gie\",\"isPartOf\":{\"@id\":\"https:\/\/www.couvreurmonteregie.com\/#website\"},\"datePublished\":\"2025-06-13T15:03:46+00:00\",\"dateModified\":\"2025-06-13T15:04:57+00:00\",\"breadcrumb\":{\"@id\":\"https:\/\/couvreurmonteregie.com\/?page_id=15121#breadcrumb\"},\"inLanguage\":\"fr-FR\",\"potentialAction\":[{\"@type\":\"ReadAction\",\"target\":[\"https:\/\/couvreurmonteregie.com\/?page_id=15121\"]}]},{\"@type\":\"BreadcrumbList\",\"@id\":\"https:\/\/couvreurmonteregie.com\/?page_id=15121#breadcrumb\",\"itemListElement\":[{\"@type\":\"ListItem\",\"position\":1,\"name\":\"Accueil\",\"item\":\"https:\/\/couvreurmonteregie.com\/\"},{\"@type\":\"ListItem\",\"position\":2,\"name\":\"R\u00e9alisations\"}]},{\"@type\":\"WebSite\",\"@id\":\"https:\/\/www.couvreurmonteregie.com\/#website\",\"url\":\"https:\/\/www.couvreurmonteregie.com\/\",\"name\":\"Reseau plombier\",\"description\":\"Sp\u00e9cialiste en toits plats commerciaux et r\u00e9sidentiels\",\"publisher\":{\"@id\":\"https:\/\/www.couvreurmonteregie.com\/#organization\"},\"potentialAction\":[{\"@type\":\"SearchAction\",\"target\":{\"@type\":\"EntryPoint\",\"urlTemplate\":\"https:\/\/www.couvreurmonteregie.com\/?s={search_term_string}\"},\"query-input\":{\"@type\":\"PropertyValueSpecification\",\"valueRequired\":true,\"valueName\":\"search_term_string\"}}],\"inLanguage\":\"fr-FR\"},{\"@type\":\"Organization\",\"@id\":\"https:\/\/www.couvreurmonteregie.com\/#organization\",\"name\":\"Reseau plombier\",\"url\":\"https:\/\/www.couvreurmonteregie.com\/\",\"logo\":{\"@type\":\"ImageObject\",\"inLanguage\":\"fr-FR\",\"@id\":\"https:\/\/www.couvreurmonteregie.com\/#\/schema\/logo\/image\/\",\"url\":\"https:\/\/couvreurmonteregie.com\/wp-content\/uploads\/2023\/11\/LOGO_90PX.jpg\",\"contentUrl\":\"https:\/\/couvreurmonteregie.com\/wp-content\/uploads\/2023\/11\/LOGO_90PX.jpg\",\"width\":254,\"height\":90,\"caption\":\"Reseau plombier\"},\"image\":{\"@id\":\"https:\/\/www.couvreurmonteregie.com\/#\/schema\/logo\/image\/\"}}]}<\/script>\n<!-- \/ Yoast SEO plugin. -->","yoast_head_json":{"title":"R\u00e9alisations - Toiture Rive-Sud et Mont\u00e9r\u00e9gie","robots":{"index":"noindex","follow":"follow","max-snippet":"max-snippet:-1","max-image-preview":"max-image-preview:large","max-video-preview":"max-video-preview:-1"},"og_locale":"fr_FR","og_type":"article","og_title":"R\u00e9alisations - Toiture Rive-Sud et Mont\u00e9r\u00e9gie","og_description":"[vc_row type=&#8221;full_width_background&#8221; full_screen_row_position=&#8221;middle&#8221; column_margin=&#8221;default&#8221; equal_height=&#8221;yes&#8221; content_placement=&#8221;middle&#8221; column_direction=&#8221;default&#8221; column_direction_tablet=&#8221;default&#8221; column_direction_phone=&#8221;default&#8221; bg_image=&#8221;14384&#8243; bg_position=&#8221;center center&#8221; background_image_loading=&#8221;default&#8221; bg_repeat=&#8221;no-repeat&#8221; scene_position=&#8221;center&#8221; top_padding=&#8221;2%&#8221; constrain_group_1=&#8221;yes&#8221; bottom_padding=&#8221;2%&#8221; text_color=&#8221;dark&#8221; text_align=&#8221;left&#8221; row_border_radius=&#8221;none&#8221; row_border_radius_applies=&#8221;bg&#8221; overflow=&#8221;visible&#8221; color_overlay=&#8221;#ffffff&#8221; advanced_gradient_angle=&#8221;0&#8243; overlay_strength=&#8221;0.95&#8243; gradient_direction=&#8221;left_to_right&#8221; shape_divider_position=&#8221;bottom&#8221; bg_image_animation=&#8221;none&#8221; parallax_bg=&#8221;true&#8221;...","og_url":"https:\/\/couvreurmonteregie.com\/?page_id=15121","og_site_name":"Toiture Rive-Sud et Mont\u00e9r\u00e9gie","article_modified_time":"2025-06-13T15:04:57+00:00","twitter_card":"summary_large_image","twitter_misc":{"Dur\u00e9e de lecture estim\u00e9e":"5 minutes"},"schema":{"@context":"https:\/\/schema.org","@graph":[{"@type":"WebPage","@id":"https:\/\/couvreurmonteregie.com\/?page_id=15121","url":"https:\/\/couvreurmonteregie.com\/?page_id=15121","name":"R\u00e9alisations - Toiture Rive-Sud et Mont\u00e9r\u00e9gie","isPartOf":{"@id":"https:\/\/www.couvreurmonteregie.com\/#website"},"datePublished":"2025-06-13T15:03:46+00:00","dateModified":"2025-06-13T15:04:57+00:00","breadcrumb":{"@id":"https:\/\/couvreurmonteregie.com\/?page_id=15121#breadcrumb"},"inLanguage":"fr-FR","potentialAction":[{"@type":"ReadAction","target":["https:\/\/couvreurmonteregie.com\/?page_id=15121"]}]},{"@type":"BreadcrumbList","@id":"https:\/\/couvreurmonteregie.com\/?page_id=15121#breadcrumb","itemListElement":[{"@type":"ListItem","position":1,"name":"Accueil","item":"https:\/\/couvreurmonteregie.com\/"},{"@type":"ListItem","position":2,"name":"R\u00e9alisations"}]},{"@type":"WebSite","@id":"https:\/\/www.couvreurmonteregie.com\/#website","url":"https:\/\/www.couvreurmonteregie.com\/","name":"Reseau plombier","description":"Sp\u00e9cialiste en toits plats commerciaux et r\u00e9sidentiels","publisher":{"@id":"https:\/\/www.couvreurmonteregie.com\/#organization"},"potentialAction":[{"@type":"SearchAction","target":{"@type":"EntryPoint","urlTemplate":"https:\/\/www.couvreurmonteregie.com\/?s={search_term_string}"},"query-input":{"@type":"PropertyValueSpecification","valueRequired":true,"valueName":"search_term_string"}}],"inLanguage":"fr-FR"},{"@type":"Organization","@id":"https:\/\/www.couvreurmonteregie.com\/#organization","name":"Reseau plombier","url":"https:\/\/www.couvreurmonteregie.com\/","logo":{"@type":"ImageObject","inLanguage":"fr-FR","@id":"https:\/\/www.couvreurmonteregie.com\/#\/schema\/logo\/image\/","url":"https:\/\/couvreurmonteregie.com\/wp-content\/uploads\/2023\/11\/LOGO_90PX.jpg","contentUrl":"https:\/\/couvreurmonteregie.com\/wp-content\/uploads\/2023\/11\/LOGO_90PX.jpg","width":254,"height":90,"caption":"Reseau plombier"},"image":{"@id":"https:\/\/www.couvreurmonteregie.com\/#\/schema\/logo\/image\/"}}]}},"_links":{"self":[{"href":"https:\/\/couvreurmonteregie.com\/index.php?rest_route=\/wp\/v2\/pages\/15121","targetHints":{"allow":["GET"]}}],"collection":[{"href":"https:\/\/couvreurmonteregie.com\/index.php?rest_route=\/wp\/v2\/pages"}],"about":[{"href":"https:\/\/couvreurmonteregie.com\/index.php?rest_route=\/wp\/v2\/types\/page"}],"author":[{"embeddable":true,"href":"https:\/\/couvreurmonteregie.com\/index.php?rest_route=\/wp\/v2\/users\/1335"}],"replies":[{"embeddable":true,"href":"https:\/\/couvreurmonteregie.com\/index.php?rest_route=%2Fwp%2Fv2%2Fcomments&post=15121"}],"version-history":[{"count":2,"href":"https:\/\/couvreurmonteregie.com\/index.php?rest_route=\/wp\/v2\/pages\/15121\/revisions"}],"predecessor-version":[{"id":15123,"href":"https:\/\/couvreurmonteregie.com\/index.php?rest_route=\/wp\/v2\/pages\/15121\/revisions\/15123"}],"wp:attachment":[{"href":"https:\/\/couvreurmonteregie.com\/index.php?rest_route=%2Fwp%2Fv2%2Fmedia&parent=15121"}],"wp:term":[{"taxonomy":"ville","embeddable":true,"href":"https:\/\/couvreurmonteregie.com\/index.php?rest_route=%2Fwp%2Fv2%2Fville&post=15121"},{"taxonomy":"categorie","embeddable":true,"href":"https:\/\/couvreurmonteregie.com\/index.php?rest_route=%2Fwp%2Fv2%2Fcategorie&post=15121"}],"curies":[{"name":"wp","href":"https:\/\/api.w.org\/{rel}","templated":true}]}}