{"id":15119,"date":"2025-06-13T10:59:57","date_gmt":"2025-06-13T14:59:57","guid":{"rendered":"https:\/\/www.couvreurmonteregie.com\/?page_id=15119"},"modified":"2025-06-13T11:00:03","modified_gmt":"2025-06-13T15:00:03","slug":"a-propos","status":"publish","type":"page","link":"https:\/\/couvreurmonteregie.com\/?page_id=15119","title":{"rendered":"\u00c0 propos"},"content":{"rendered":"[vc_row type=&#8221;full_width_background&#8221; full_screen_row_position=&#8221;middle&#8221; column_margin=&#8221;default&#8221; equal_height=&#8221;yes&#8221; content_placement=&#8221;middle&#8221; column_direction=&#8221;default&#8221; column_direction_tablet=&#8221;default&#8221; column_direction_phone=&#8221;default&#8221; bg_image=&#8221;14384&#8243; bg_position=&#8221;center center&#8221; background_image_loading=&#8221;default&#8221; bg_repeat=&#8221;no-repeat&#8221; scene_position=&#8221;center&#8221; top_padding=&#8221;2%&#8221; constrain_group_1=&#8221;yes&#8221; bottom_padding=&#8221;2%&#8221; text_color=&#8221;dark&#8221; text_align=&#8221;left&#8221; row_border_radius=&#8221;none&#8221; row_border_radius_applies=&#8221;bg&#8221; overflow=&#8221;visible&#8221; color_overlay=&#8221;#ffffff&#8221; advanced_gradient_angle=&#8221;0&#8243; overlay_strength=&#8221;0.95&#8243; gradient_direction=&#8221;left_to_right&#8221; shape_divider_position=&#8221;bottom&#8221; bg_image_animation=&#8221;none&#8221; parallax_bg=&#8221;true&#8221; parallax_bg_speed=&#8221;medium_fast&#8221; shape_type=&#8221;&#8221; gradient_type=&#8221;default&#8221;][vc_column column_padding=&#8221;no-extra-padding&#8221; column_padding_tablet=&#8221;inherit&#8221; column_padding_phone=&#8221;inherit&#8221; column_padding_position=&#8221;all&#8221; column_element_direction_desktop=&#8221;default&#8221; column_element_spacing=&#8221;default&#8221; desktop_text_alignment=&#8221;default&#8221; tablet_text_alignment=&#8221;default&#8221; phone_text_alignment=&#8221;default&#8221; background_color_opacity=&#8221;1&#8243; background_hover_color_opacity=&#8221;1&#8243; column_backdrop_filter=&#8221;none&#8221; column_shadow=&#8221;none&#8221; column_border_radius=&#8221;none&#8221; column_link_target=&#8221;_self&#8221; column_position=&#8221;default&#8221; advanced_gradient_angle=&#8221;0&#8243; gradient_direction=&#8221;left_to_right&#8221; overlay_strength=&#8221;0.3&#8243; width=&#8221;1\/2&#8243; tablet_width_inherit=&#8221;default&#8221; animation_type=&#8221;default&#8221; bg_image_animation=&#8221;none&#8221; border_type=&#8221;simple&#8221; column_border_width=&#8221;none&#8221; column_border_style=&#8221;solid&#8221; gradient_type=&#8221;default&#8221;][image_with_animation image_url=&#8221;15088&#8243; image_size=&#8221;full&#8221; animation_type=&#8221;entrance&#8221; animation=&#8221;None&#8221; animation_movement_type=&#8221;transform_y&#8221; hover_animation=&#8221;none&#8221; alignment=&#8221;&#8221; border_radius=&#8221;none&#8221; box_shadow=&#8221;none&#8221; image_loading=&#8221;default&#8221; max_width=&#8221;100%&#8221; max_width_mobile=&#8221;default&#8221;][\/vc_column][vc_column column_padding=&#8221;padding-3-percent&#8221; column_padding_tablet=&#8221;inherit&#8221; column_padding_phone=&#8221;inherit&#8221; column_padding_position=&#8221;all&#8221; column_element_direction_desktop=&#8221;default&#8221; column_element_spacing=&#8221;default&#8221; desktop_text_alignment=&#8221;default&#8221; tablet_text_alignment=&#8221;default&#8221; phone_text_alignment=&#8221;default&#8221; background_color_opacity=&#8221;1&#8243; background_hover_color_opacity=&#8221;1&#8243; column_backdrop_filter=&#8221;none&#8221; column_shadow=&#8221;none&#8221; column_border_radius=&#8221;none&#8221; column_link_target=&#8221;_self&#8221; column_position=&#8221;default&#8221; advanced_gradient_angle=&#8221;0&#8243; gradient_direction=&#8221;left_to_right&#8221; overlay_strength=&#8221;0.3&#8243; width=&#8221;1\/2&#8243; tablet_width_inherit=&#8221;default&#8221; animation_type=&#8221;default&#8221; enable_animation=&#8221;true&#8221; animation=&#8221;slight-twist&#8221; animation_easing=&#8221;default&#8221; bg_image_animation=&#8221;none&#8221; border_type=&#8221;simple&#8221; column_border_width=&#8221;none&#8221; column_border_color=&#8221;#399093&#8243; column_border_style=&#8221;solid&#8221; gradient_type=&#8221;default&#8221; column_padding_type=&#8221;default&#8221;][vc_column_text]\n<h2>Obtenez une soumission sans engagement<\/h2>\n[\/vc_column_text][vc_column_text]\n<h3>Les Toitures G. Viens<\/h3>\n[\/vc_column_text][divider line_type=&#8221;Small Line&#8221; line_alignment=&#8221;default&#8221; line_thickness=&#8221;2&#8243; divider_color=&#8221;accent-color&#8221;][vc_column_text]Depuis plus de 30 ans, Toitures G. Viens est une r\u00e9f\u00e9rence en pose et r\u00e9fection de toitures r\u00e9sidentielles et commerciales. Fond\u00e9e sur des valeurs de rigueur, d\u2019honn\u00eatet\u00e9 et de savoir-faire, notre entreprise offre des solutions durables et adapt\u00e9es aux besoins de chaque client, peu importe l\u2019envergure du projet.<\/p>\n<p>Nous sommes sp\u00e9cialis\u00e9s dans l\u2019installation de toits plats et inclin\u00e9s, utilisant des mat\u00e9riaux reconnus pour leur performance et leur long\u00e9vit\u00e9 : membrane \u00e9lastom\u00e8re, asphalte et gravier, ou bardeaux d\u2019asphalte. Gr\u00e2ce \u00e0 notre expertise, nous assurons une protection optimale contre les intemp\u00e9ries tout en favorisant une isolation thermique efficace.<\/p>\n<p>Notre mission est simple : offrir \u00e0 chaque toiture le meilleur en mati\u00e8re de qualit\u00e9, de durabilit\u00e9 et de service. Nous desservons fi\u00e8rement la Rive-Sud, la Rive-Nord et le Grand Montr\u00e9al, avec un service personnalis\u00e9, rapide et professionnel. Que ce soit pour une construction neuve, une r\u00e9paration urgente ou une r\u00e9fection compl\u00e8te, notre \u00e9quipe qualifi\u00e9e est l\u00e0 pour concr\u00e9tiser vos projets de mani\u00e8re fiable et transparente. Avec Toitures G. Viens, votre toit est entre de bonnes mains.[\/vc_column_text][\/vc_column][\/vc_row]\n","protected":false},"excerpt":{"rendered":"<p>[vc_row type=&#8221;full_width_background&#8221; full_screen_row_position=&#8221;middle&#8221; column_margin=&#8221;default&#8221; equal_height=&#8221;yes&#8221; content_placement=&#8221;middle&#8221; column_direction=&#8221;default&#8221; column_direction_tablet=&#8221;default&#8221; column_direction_phone=&#8221;default&#8221; bg_image=&#8221;14384&#8243; bg_position=&#8221;center center&#8221; background_image_loading=&#8221;default&#8221; bg_repeat=&#8221;no-repeat&#8221; scene_position=&#8221;center&#8221; top_padding=&#8221;2%&#8221; constrain_group_1=&#8221;yes&#8221; bottom_padding=&#8221;2%&#8221; text_color=&#8221;dark&#8221; text_align=&#8221;left&#8221; row_border_radius=&#8221;none&#8221; row_border_radius_applies=&#8221;bg&#8221; overflow=&#8221;visible&#8221; color_overlay=&#8221;#ffffff&#8221; advanced_gradient_angle=&#8221;0&#8243; overlay_strength=&#8221;0.95&#8243; gradient_direction=&#8221;left_to_right&#8221; shape_divider_position=&#8221;bottom&#8221; bg_image_animation=&#8221;none&#8221; parallax_bg=&#8221;true&#8221;&#8230;<\/p>\n","protected":false},"author":1335,"featured_media":0,"parent":0,"menu_order":0,"comment_status":"closed","ping_status":"closed","template":"","meta":{"footnotes":""},"ville":[],"categorie":[],"class_list":["post-15119","page","type-page","status-publish"],"yoast_head":"<!-- This site is optimized with the Yoast SEO plugin v25.1 - https:\/\/yoast.com\/wordpress\/plugins\/seo\/ -->\n<title>\u00c0 propos - Toiture Rive-Sud et Mont\u00e9r\u00e9gie<\/title>\n<meta name=\"robots\" content=\"noindex, follow, max-snippet:-1, max-image-preview:large, max-video-preview:-1\" \/>\n<meta property=\"og:locale\" content=\"fr_FR\" \/>\n<meta property=\"og:type\" content=\"article\" \/>\n<meta property=\"og:title\" content=\"\u00c0 propos - Toiture Rive-Sud et Mont\u00e9r\u00e9gie\" \/>\n<meta property=\"og:description\" content=\"[vc_row type=&#8221;full_width_background&#8221; full_screen_row_position=&#8221;middle&#8221; column_margin=&#8221;default&#8221; equal_height=&#8221;yes&#8221; content_placement=&#8221;middle&#8221; column_direction=&#8221;default&#8221; column_direction_tablet=&#8221;default&#8221; column_direction_phone=&#8221;default&#8221; bg_image=&#8221;14384&#8243; bg_position=&#8221;center center&#8221; background_image_loading=&#8221;default&#8221; bg_repeat=&#8221;no-repeat&#8221; scene_position=&#8221;center&#8221; top_padding=&#8221;2%&#8221; constrain_group_1=&#8221;yes&#8221; bottom_padding=&#8221;2%&#8221; text_color=&#8221;dark&#8221; text_align=&#8221;left&#8221; row_border_radius=&#8221;none&#8221; row_border_radius_applies=&#8221;bg&#8221; overflow=&#8221;visible&#8221; color_overlay=&#8221;#ffffff&#8221; advanced_gradient_angle=&#8221;0&#8243; overlay_strength=&#8221;0.95&#8243; gradient_direction=&#8221;left_to_right&#8221; shape_divider_position=&#8221;bottom&#8221; bg_image_animation=&#8221;none&#8221; parallax_bg=&#8221;true&#8221;...\" \/>\n<meta property=\"og:url\" content=\"https:\/\/couvreurmonteregie.com\/?page_id=15119\" \/>\n<meta property=\"og:site_name\" content=\"Toiture Rive-Sud et Mont\u00e9r\u00e9gie\" \/>\n<meta property=\"article:modified_time\" content=\"2025-06-13T15:00:03+00:00\" \/>\n<meta name=\"twitter:card\" content=\"summary_large_image\" \/>\n<meta name=\"twitter:label1\" content=\"Dur\u00e9e de lecture estim\u00e9e\" \/>\n\t<meta name=\"twitter:data1\" content=\"2 minutes\" \/>\n<script type=\"application\/ld+json\" class=\"yoast-schema-graph\">{\"@context\":\"https:\/\/schema.org\",\"@graph\":[{\"@type\":\"WebPage\",\"@id\":\"https:\/\/couvreurmonteregie.com\/?page_id=15119\",\"url\":\"https:\/\/couvreurmonteregie.com\/?page_id=15119\",\"name\":\"\u00c0 propos - Toiture Rive-Sud et Mont\u00e9r\u00e9gie\",\"isPartOf\":{\"@id\":\"https:\/\/www.couvreurmonteregie.com\/#website\"},\"datePublished\":\"2025-06-13T14:59:57+00:00\",\"dateModified\":\"2025-06-13T15:00:03+00:00\",\"breadcrumb\":{\"@id\":\"https:\/\/couvreurmonteregie.com\/?page_id=15119#breadcrumb\"},\"inLanguage\":\"fr-FR\",\"potentialAction\":[{\"@type\":\"ReadAction\",\"target\":[\"https:\/\/couvreurmonteregie.com\/?page_id=15119\"]}]},{\"@type\":\"BreadcrumbList\",\"@id\":\"https:\/\/couvreurmonteregie.com\/?page_id=15119#breadcrumb\",\"itemListElement\":[{\"@type\":\"ListItem\",\"position\":1,\"name\":\"Accueil\",\"item\":\"https:\/\/couvreurmonteregie.com\/\"},{\"@type\":\"ListItem\",\"position\":2,\"name\":\"\u00c0 propos\"}]},{\"@type\":\"WebSite\",\"@id\":\"https:\/\/www.couvreurmonteregie.com\/#website\",\"url\":\"https:\/\/www.couvreurmonteregie.com\/\",\"name\":\"Reseau plombier\",\"description\":\"Sp\u00e9cialiste en toits plats commerciaux et r\u00e9sidentiels\",\"publisher\":{\"@id\":\"https:\/\/www.couvreurmonteregie.com\/#organization\"},\"potentialAction\":[{\"@type\":\"SearchAction\",\"target\":{\"@type\":\"EntryPoint\",\"urlTemplate\":\"https:\/\/www.couvreurmonteregie.com\/?s={search_term_string}\"},\"query-input\":{\"@type\":\"PropertyValueSpecification\",\"valueRequired\":true,\"valueName\":\"search_term_string\"}}],\"inLanguage\":\"fr-FR\"},{\"@type\":\"Organization\",\"@id\":\"https:\/\/www.couvreurmonteregie.com\/#organization\",\"name\":\"Reseau plombier\",\"url\":\"https:\/\/www.couvreurmonteregie.com\/\",\"logo\":{\"@type\":\"ImageObject\",\"inLanguage\":\"fr-FR\",\"@id\":\"https:\/\/www.couvreurmonteregie.com\/#\/schema\/logo\/image\/\",\"url\":\"https:\/\/couvreurmonteregie.com\/wp-content\/uploads\/2023\/11\/LOGO_90PX.jpg\",\"contentUrl\":\"https:\/\/couvreurmonteregie.com\/wp-content\/uploads\/2023\/11\/LOGO_90PX.jpg\",\"width\":254,\"height\":90,\"caption\":\"Reseau plombier\"},\"image\":{\"@id\":\"https:\/\/www.couvreurmonteregie.com\/#\/schema\/logo\/image\/\"}}]}<\/script>\n<!-- \/ Yoast SEO plugin. -->","yoast_head_json":{"title":"\u00c0 propos - Toiture Rive-Sud et Mont\u00e9r\u00e9gie","robots":{"index":"noindex","follow":"follow","max-snippet":"max-snippet:-1","max-image-preview":"max-image-preview:large","max-video-preview":"max-video-preview:-1"},"og_locale":"fr_FR","og_type":"article","og_title":"\u00c0 propos - Toiture Rive-Sud et Mont\u00e9r\u00e9gie","og_description":"[vc_row type=&#8221;full_width_background&#8221; full_screen_row_position=&#8221;middle&#8221; column_margin=&#8221;default&#8221; equal_height=&#8221;yes&#8221; content_placement=&#8221;middle&#8221; column_direction=&#8221;default&#8221; column_direction_tablet=&#8221;default&#8221; column_direction_phone=&#8221;default&#8221; bg_image=&#8221;14384&#8243; bg_position=&#8221;center center&#8221; background_image_loading=&#8221;default&#8221; bg_repeat=&#8221;no-repeat&#8221; scene_position=&#8221;center&#8221; top_padding=&#8221;2%&#8221; constrain_group_1=&#8221;yes&#8221; bottom_padding=&#8221;2%&#8221; text_color=&#8221;dark&#8221; text_align=&#8221;left&#8221; row_border_radius=&#8221;none&#8221; row_border_radius_applies=&#8221;bg&#8221; overflow=&#8221;visible&#8221; color_overlay=&#8221;#ffffff&#8221; advanced_gradient_angle=&#8221;0&#8243; overlay_strength=&#8221;0.95&#8243; gradient_direction=&#8221;left_to_right&#8221; shape_divider_position=&#8221;bottom&#8221; bg_image_animation=&#8221;none&#8221; parallax_bg=&#8221;true&#8221;...","og_url":"https:\/\/couvreurmonteregie.com\/?page_id=15119","og_site_name":"Toiture Rive-Sud et Mont\u00e9r\u00e9gie","article_modified_time":"2025-06-13T15:00:03+00:00","twitter_card":"summary_large_image","twitter_misc":{"Dur\u00e9e de lecture estim\u00e9e":"2 minutes"},"schema":{"@context":"https:\/\/schema.org","@graph":[{"@type":"WebPage","@id":"https:\/\/couvreurmonteregie.com\/?page_id=15119","url":"https:\/\/couvreurmonteregie.com\/?page_id=15119","name":"\u00c0 propos - Toiture Rive-Sud et Mont\u00e9r\u00e9gie","isPartOf":{"@id":"https:\/\/www.couvreurmonteregie.com\/#website"},"datePublished":"2025-06-13T14:59:57+00:00","dateModified":"2025-06-13T15:00:03+00:00","breadcrumb":{"@id":"https:\/\/couvreurmonteregie.com\/?page_id=15119#breadcrumb"},"inLanguage":"fr-FR","potentialAction":[{"@type":"ReadAction","target":["https:\/\/couvreurmonteregie.com\/?page_id=15119"]}]},{"@type":"BreadcrumbList","@id":"https:\/\/couvreurmonteregie.com\/?page_id=15119#breadcrumb","itemListElement":[{"@type":"ListItem","position":1,"name":"Accueil","item":"https:\/\/couvreurmonteregie.com\/"},{"@type":"ListItem","position":2,"name":"\u00c0 propos"}]},{"@type":"WebSite","@id":"https:\/\/www.couvreurmonteregie.com\/#website","url":"https:\/\/www.couvreurmonteregie.com\/","name":"Reseau plombier","description":"Sp\u00e9cialiste en toits plats commerciaux et r\u00e9sidentiels","publisher":{"@id":"https:\/\/www.couvreurmonteregie.com\/#organization"},"potentialAction":[{"@type":"SearchAction","target":{"@type":"EntryPoint","urlTemplate":"https:\/\/www.couvreurmonteregie.com\/?s={search_term_string}"},"query-input":{"@type":"PropertyValueSpecification","valueRequired":true,"valueName":"search_term_string"}}],"inLanguage":"fr-FR"},{"@type":"Organization","@id":"https:\/\/www.couvreurmonteregie.com\/#organization","name":"Reseau plombier","url":"https:\/\/www.couvreurmonteregie.com\/","logo":{"@type":"ImageObject","inLanguage":"fr-FR","@id":"https:\/\/www.couvreurmonteregie.com\/#\/schema\/logo\/image\/","url":"https:\/\/couvreurmonteregie.com\/wp-content\/uploads\/2023\/11\/LOGO_90PX.jpg","contentUrl":"https:\/\/couvreurmonteregie.com\/wp-content\/uploads\/2023\/11\/LOGO_90PX.jpg","width":254,"height":90,"caption":"Reseau plombier"},"image":{"@id":"https:\/\/www.couvreurmonteregie.com\/#\/schema\/logo\/image\/"}}]}},"_links":{"self":[{"href":"https:\/\/couvreurmonteregie.com\/index.php?rest_route=\/wp\/v2\/pages\/15119","targetHints":{"allow":["GET"]}}],"collection":[{"href":"https:\/\/couvreurmonteregie.com\/index.php?rest_route=\/wp\/v2\/pages"}],"about":[{"href":"https:\/\/couvreurmonteregie.com\/index.php?rest_route=\/wp\/v2\/types\/page"}],"author":[{"embeddable":true,"href":"https:\/\/couvreurmonteregie.com\/index.php?rest_route=\/wp\/v2\/users\/1335"}],"replies":[{"embeddable":true,"href":"https:\/\/couvreurmonteregie.com\/index.php?rest_route=%2Fwp%2Fv2%2Fcomments&post=15119"}],"version-history":[{"count":1,"href":"https:\/\/couvreurmonteregie.com\/index.php?rest_route=\/wp\/v2\/pages\/15119\/revisions"}],"predecessor-version":[{"id":15120,"href":"https:\/\/couvreurmonteregie.com\/index.php?rest_route=\/wp\/v2\/pages\/15119\/revisions\/15120"}],"wp:attachment":[{"href":"https:\/\/couvreurmonteregie.com\/index.php?rest_route=%2Fwp%2Fv2%2Fmedia&parent=15119"}],"wp:term":[{"taxonomy":"ville","embeddable":true,"href":"https:\/\/couvreurmonteregie.com\/index.php?rest_route=%2Fwp%2Fv2%2Fville&post=15119"},{"taxonomy":"categorie","embeddable":true,"href":"https:\/\/couvreurmonteregie.com\/index.php?rest_route=%2Fwp%2Fv2%2Fcategorie&post=15119"}],"curies":[{"name":"wp","href":"https:\/\/api.w.org\/{rel}","templated":true}]}}