{"id":14233,"date":"2025-04-28T11:27:09","date_gmt":"2025-04-28T15:27:09","guid":{"rendered":"https:\/\/www.couvreurmonteregie.com\/?page_id=14233"},"modified":"2025-06-13T10:31:03","modified_gmt":"2025-06-13T14:31:03","slug":"nous-joindre","status":"publish","type":"page","link":"https:\/\/couvreurmonteregie.com\/?page_id=14233","title":{"rendered":"Nous joindre"},"content":{"rendered":"[vc_row type=&#8221;in_container&#8221; full_screen_row_position=&#8221;middle&#8221; column_margin=&#8221;default&#8221; column_direction=&#8221;default&#8221; column_direction_tablet=&#8221;default&#8221; column_direction_phone=&#8221;default&#8221; scene_position=&#8221;center&#8221; top_padding=&#8221;2%&#8221; constrain_group_1=&#8221;yes&#8221; bottom_padding=&#8221;2%&#8221; text_color=&#8221;dark&#8221; text_align=&#8221;left&#8221; row_border_radius=&#8221;none&#8221; row_border_radius_applies=&#8221;bg&#8221; overflow=&#8221;visible&#8221; overlay_strength=&#8221;0.3&#8243; gradient_direction=&#8221;left_to_right&#8221; shape_divider_position=&#8221;bottom&#8221; bg_image_animation=&#8221;none&#8221; gradient_type=&#8221;default&#8221; shape_type=&#8221;&#8221;][vc_column column_padding=&#8221;no-extra-padding&#8221; column_padding_tablet=&#8221;inherit&#8221; column_padding_phone=&#8221;inherit&#8221; column_padding_position=&#8221;all&#8221; column_element_direction_desktop=&#8221;default&#8221; column_element_spacing=&#8221;default&#8221; desktop_text_alignment=&#8221;default&#8221; tablet_text_alignment=&#8221;default&#8221; phone_text_alignment=&#8221;default&#8221; background_color_opacity=&#8221;1&#8243; background_hover_color_opacity=&#8221;1&#8243; column_backdrop_filter=&#8221;none&#8221; column_shadow=&#8221;none&#8221; column_border_radius=&#8221;none&#8221; column_link_target=&#8221;_self&#8221; column_position=&#8221;default&#8221; gradient_direction=&#8221;left_to_right&#8221; overlay_strength=&#8221;0.3&#8243; width=&#8221;1\/1&#8243; tablet_width_inherit=&#8221;default&#8221; animation_type=&#8221;default&#8221; bg_image_animation=&#8221;none&#8221; border_type=&#8221;simple&#8221; column_border_width=&#8221;none&#8221; column_border_style=&#8221;solid&#8221;][vc_row_inner equal_height=&#8221;yes&#8221; content_placement=&#8221;middle&#8221; column_margin=&#8221;default&#8221; column_direction=&#8221;default&#8221; column_direction_tablet=&#8221;default&#8221; column_direction_phone=&#8221;default&#8221; text_align=&#8221;left&#8221; row_position=&#8221;default&#8221; row_position_tablet=&#8221;inherit&#8221; row_position_phone=&#8221;inherit&#8221; overflow=&#8221;visible&#8221; pointer_events=&#8221;all&#8221;][vc_column_inner column_padding=&#8221;no-extra-padding&#8221; column_padding_tablet=&#8221;inherit&#8221; column_padding_phone=&#8221;inherit&#8221; column_padding_position=&#8221;all&#8221; column_element_direction_desktop=&#8221;default&#8221; column_element_spacing=&#8221;default&#8221; desktop_text_alignment=&#8221;default&#8221; tablet_text_alignment=&#8221;default&#8221; phone_text_alignment=&#8221;default&#8221; background_color_opacity=&#8221;1&#8243; background_hover_color_opacity=&#8221;1&#8243; column_backdrop_filter=&#8221;none&#8221; column_shadow=&#8221;none&#8221; column_border_radius=&#8221;none&#8221; column_link_target=&#8221;_self&#8221; overflow=&#8221;visible&#8221; gradient_direction=&#8221;left_to_right&#8221; overlay_strength=&#8221;0.3&#8243; width=&#8221;1\/2&#8243; tablet_width_inherit=&#8221;default&#8221; animation_type=&#8221;default&#8221; bg_image_animation=&#8221;none&#8221; border_type=&#8221;simple&#8221; column_border_width=&#8221;none&#8221; column_border_style=&#8221;solid&#8221;][vc_column_text]\n<h2>Besoin d\u2019un sp\u00e9cialiste en toiture pour une soumission\u202fgratuite?<\/h2>\n<p>Pour toute question, demande de soumission ou urgence, vous pouvez nous joindre facilement par t\u00e9l\u00e9phone, courriel ou via notre formulaire en ligne. Nous nous engageons \u00e0 r\u00e9pondre rapidement et avec professionnalisme \u00e0 toutes vos demandes, peu importe leur nature. Notre service est disponible pour les r\u00e9sidents et les entreprises de toute la Mont\u00e9r\u00e9gie, des petites r\u00e9parations aux projets de grande envergure.<\/p>\n<p>En cas d\u2019urgence, comme une fuite soudaine ou un dommage apr\u00e8s une temp\u00eate, nous offrons un service d\u2019intervention rapide 24 heures sur 24, 7 jours sur 7. N\u2019h\u00e9sitez pas \u00e0 nous contacter pour une \u00e9valuation compl\u00e8te de votre toiture, un devis clair et transparent, ou simplement pour obtenir des conseils adapt\u00e9s \u00e0 votre situation. Nous sommes l\u00e0 pour vous accompagner \u00e0 chaque \u00e9tape, avec expertise et engagement. Votre satisfaction est notre priorit\u00e9.<\/p>\n<p><strong>Contactez-nous d\u00e8s maintenant, votre tranquillit\u00e9 d\u2019esprit commence ici.<\/strong>[\/vc_column_text][nectar_global_section id=&#8221;14843&#8243;][\/vc_column_inner][vc_column_inner column_padding=&#8221;no-extra-padding&#8221; column_padding_tablet=&#8221;inherit&#8221; column_padding_phone=&#8221;inherit&#8221; column_padding_position=&#8221;all&#8221; column_element_direction_desktop=&#8221;default&#8221; column_element_spacing=&#8221;default&#8221; centered_text=&#8221;true&#8221; desktop_text_alignment=&#8221;default&#8221; tablet_text_alignment=&#8221;default&#8221; phone_text_alignment=&#8221;default&#8221; background_color_opacity=&#8221;1&#8243; background_hover_color_opacity=&#8221;1&#8243; column_backdrop_filter=&#8221;none&#8221; column_shadow=&#8221;none&#8221; column_border_radius=&#8221;none&#8221; column_link_target=&#8221;_self&#8221; overflow=&#8221;visible&#8221; gradient_direction=&#8221;left_to_right&#8221; overlay_strength=&#8221;0.3&#8243; width=&#8221;1\/2&#8243; tablet_width_inherit=&#8221;default&#8221; animation_type=&#8221;default&#8221; bg_image_animation=&#8221;none&#8221; border_type=&#8221;simple&#8221; column_border_width=&#8221;none&#8221; column_border_style=&#8221;solid&#8221; column_padding_type=&#8221;default&#8221; gradient_type=&#8221;default&#8221;][nectar_global_section id=&#8221;14849&#8243;][\/vc_column_inner][\/vc_row_inner][\/vc_column][\/vc_row]\n","protected":false},"excerpt":{"rendered":"<p>[vc_row type=&#8221;in_container&#8221; full_screen_row_position=&#8221;middle&#8221; column_margin=&#8221;default&#8221; column_direction=&#8221;default&#8221; column_direction_tablet=&#8221;default&#8221; column_direction_phone=&#8221;default&#8221; scene_position=&#8221;center&#8221; top_padding=&#8221;2%&#8221; constrain_group_1=&#8221;yes&#8221; bottom_padding=&#8221;2%&#8221; text_color=&#8221;dark&#8221; text_align=&#8221;left&#8221; row_border_radius=&#8221;none&#8221; row_border_radius_applies=&#8221;bg&#8221; overflow=&#8221;visible&#8221; overlay_strength=&#8221;0.3&#8243; gradient_direction=&#8221;left_to_right&#8221; shape_divider_position=&#8221;bottom&#8221; bg_image_animation=&#8221;none&#8221; gradient_type=&#8221;default&#8221; shape_type=&#8221;&#8221;][vc_column column_padding=&#8221;no-extra-padding&#8221; column_padding_tablet=&#8221;inherit&#8221; column_padding_phone=&#8221;inherit&#8221; column_padding_position=&#8221;all&#8221; column_element_direction_desktop=&#8221;default&#8221; column_element_spacing=&#8221;default&#8221; desktop_text_alignment=&#8221;default&#8221; tablet_text_alignment=&#8221;default&#8221;&#8230;<\/p>\n","protected":false},"author":1335,"featured_media":0,"parent":0,"menu_order":0,"comment_status":"closed","ping_status":"closed","template":"","meta":{"footnotes":""},"ville":[],"categorie":[],"class_list":["post-14233","page","type-page","status-publish"],"yoast_head":"<!-- This site is optimized with the Yoast SEO plugin v25.1 - https:\/\/yoast.com\/wordpress\/plugins\/seo\/ -->\n<title>Nous joindre - Toiture Rive-Sud et Mont\u00e9r\u00e9gie<\/title>\n<meta name=\"robots\" content=\"noindex, follow, max-snippet:-1, max-image-preview:large, max-video-preview:-1\" \/>\n<meta property=\"og:locale\" content=\"fr_FR\" \/>\n<meta property=\"og:type\" content=\"article\" \/>\n<meta property=\"og:title\" content=\"Nous joindre - Toiture Rive-Sud et Mont\u00e9r\u00e9gie\" \/>\n<meta property=\"og:description\" content=\"[vc_row type=&#8221;in_container&#8221; full_screen_row_position=&#8221;middle&#8221; column_margin=&#8221;default&#8221; column_direction=&#8221;default&#8221; column_direction_tablet=&#8221;default&#8221; column_direction_phone=&#8221;default&#8221; scene_position=&#8221;center&#8221; top_padding=&#8221;2%&#8221; constrain_group_1=&#8221;yes&#8221; bottom_padding=&#8221;2%&#8221; text_color=&#8221;dark&#8221; text_align=&#8221;left&#8221; row_border_radius=&#8221;none&#8221; row_border_radius_applies=&#8221;bg&#8221; overflow=&#8221;visible&#8221; overlay_strength=&#8221;0.3&#8243; gradient_direction=&#8221;left_to_right&#8221; shape_divider_position=&#8221;bottom&#8221; bg_image_animation=&#8221;none&#8221; gradient_type=&#8221;default&#8221; shape_type=&#8221;&#8221;][vc_column column_padding=&#8221;no-extra-padding&#8221; column_padding_tablet=&#8221;inherit&#8221; column_padding_phone=&#8221;inherit&#8221; column_padding_position=&#8221;all&#8221; column_element_direction_desktop=&#8221;default&#8221; column_element_spacing=&#8221;default&#8221; desktop_text_alignment=&#8221;default&#8221; tablet_text_alignment=&#8221;default&#8221;...\" \/>\n<meta property=\"og:url\" content=\"https:\/\/couvreurmonteregie.com\/?page_id=14233\" \/>\n<meta property=\"og:site_name\" content=\"Toiture Rive-Sud et Mont\u00e9r\u00e9gie\" \/>\n<meta property=\"article:modified_time\" content=\"2025-06-13T14:31:03+00:00\" \/>\n<meta name=\"twitter:card\" content=\"summary_large_image\" \/>\n<meta name=\"twitter:label1\" content=\"Dur\u00e9e de lecture estim\u00e9e\" \/>\n\t<meta name=\"twitter:data1\" content=\"2 minutes\" \/>\n<script type=\"application\/ld+json\" class=\"yoast-schema-graph\">{\"@context\":\"https:\/\/schema.org\",\"@graph\":[{\"@type\":\"WebPage\",\"@id\":\"https:\/\/couvreurmonteregie.com\/?page_id=14233\",\"url\":\"https:\/\/couvreurmonteregie.com\/?page_id=14233\",\"name\":\"Nous joindre - Toiture Rive-Sud et Mont\u00e9r\u00e9gie\",\"isPartOf\":{\"@id\":\"https:\/\/www.couvreurmonteregie.com\/#website\"},\"datePublished\":\"2025-04-28T15:27:09+00:00\",\"dateModified\":\"2025-06-13T14:31:03+00:00\",\"breadcrumb\":{\"@id\":\"https:\/\/couvreurmonteregie.com\/?page_id=14233#breadcrumb\"},\"inLanguage\":\"fr-FR\",\"potentialAction\":[{\"@type\":\"ReadAction\",\"target\":[\"https:\/\/couvreurmonteregie.com\/?page_id=14233\"]}]},{\"@type\":\"BreadcrumbList\",\"@id\":\"https:\/\/couvreurmonteregie.com\/?page_id=14233#breadcrumb\",\"itemListElement\":[{\"@type\":\"ListItem\",\"position\":1,\"name\":\"Accueil\",\"item\":\"https:\/\/couvreurmonteregie.com\/\"},{\"@type\":\"ListItem\",\"position\":2,\"name\":\"Nous joindre\"}]},{\"@type\":\"WebSite\",\"@id\":\"https:\/\/www.couvreurmonteregie.com\/#website\",\"url\":\"https:\/\/www.couvreurmonteregie.com\/\",\"name\":\"Reseau plombier\",\"description\":\"Sp\u00e9cialiste en toits plats commerciaux et r\u00e9sidentiels\",\"publisher\":{\"@id\":\"https:\/\/www.couvreurmonteregie.com\/#organization\"},\"potentialAction\":[{\"@type\":\"SearchAction\",\"target\":{\"@type\":\"EntryPoint\",\"urlTemplate\":\"https:\/\/www.couvreurmonteregie.com\/?s={search_term_string}\"},\"query-input\":{\"@type\":\"PropertyValueSpecification\",\"valueRequired\":true,\"valueName\":\"search_term_string\"}}],\"inLanguage\":\"fr-FR\"},{\"@type\":\"Organization\",\"@id\":\"https:\/\/www.couvreurmonteregie.com\/#organization\",\"name\":\"Reseau plombier\",\"url\":\"https:\/\/www.couvreurmonteregie.com\/\",\"logo\":{\"@type\":\"ImageObject\",\"inLanguage\":\"fr-FR\",\"@id\":\"https:\/\/www.couvreurmonteregie.com\/#\/schema\/logo\/image\/\",\"url\":\"https:\/\/couvreurmonteregie.com\/wp-content\/uploads\/2023\/11\/LOGO_90PX.jpg\",\"contentUrl\":\"https:\/\/couvreurmonteregie.com\/wp-content\/uploads\/2023\/11\/LOGO_90PX.jpg\",\"width\":254,\"height\":90,\"caption\":\"Reseau plombier\"},\"image\":{\"@id\":\"https:\/\/www.couvreurmonteregie.com\/#\/schema\/logo\/image\/\"}}]}<\/script>\n<!-- \/ Yoast SEO plugin. -->","yoast_head_json":{"title":"Nous joindre - Toiture Rive-Sud et Mont\u00e9r\u00e9gie","robots":{"index":"noindex","follow":"follow","max-snippet":"max-snippet:-1","max-image-preview":"max-image-preview:large","max-video-preview":"max-video-preview:-1"},"og_locale":"fr_FR","og_type":"article","og_title":"Nous joindre - Toiture Rive-Sud et Mont\u00e9r\u00e9gie","og_description":"[vc_row type=&#8221;in_container&#8221; full_screen_row_position=&#8221;middle&#8221; column_margin=&#8221;default&#8221; column_direction=&#8221;default&#8221; column_direction_tablet=&#8221;default&#8221; column_direction_phone=&#8221;default&#8221; scene_position=&#8221;center&#8221; top_padding=&#8221;2%&#8221; constrain_group_1=&#8221;yes&#8221; bottom_padding=&#8221;2%&#8221; text_color=&#8221;dark&#8221; text_align=&#8221;left&#8221; row_border_radius=&#8221;none&#8221; row_border_radius_applies=&#8221;bg&#8221; overflow=&#8221;visible&#8221; overlay_strength=&#8221;0.3&#8243; gradient_direction=&#8221;left_to_right&#8221; shape_divider_position=&#8221;bottom&#8221; bg_image_animation=&#8221;none&#8221; gradient_type=&#8221;default&#8221; shape_type=&#8221;&#8221;][vc_column column_padding=&#8221;no-extra-padding&#8221; column_padding_tablet=&#8221;inherit&#8221; column_padding_phone=&#8221;inherit&#8221; column_padding_position=&#8221;all&#8221; column_element_direction_desktop=&#8221;default&#8221; column_element_spacing=&#8221;default&#8221; desktop_text_alignment=&#8221;default&#8221; tablet_text_alignment=&#8221;default&#8221;...","og_url":"https:\/\/couvreurmonteregie.com\/?page_id=14233","og_site_name":"Toiture Rive-Sud et Mont\u00e9r\u00e9gie","article_modified_time":"2025-06-13T14:31:03+00:00","twitter_card":"summary_large_image","twitter_misc":{"Dur\u00e9e de lecture estim\u00e9e":"2 minutes"},"schema":{"@context":"https:\/\/schema.org","@graph":[{"@type":"WebPage","@id":"https:\/\/couvreurmonteregie.com\/?page_id=14233","url":"https:\/\/couvreurmonteregie.com\/?page_id=14233","name":"Nous joindre - Toiture Rive-Sud et Mont\u00e9r\u00e9gie","isPartOf":{"@id":"https:\/\/www.couvreurmonteregie.com\/#website"},"datePublished":"2025-04-28T15:27:09+00:00","dateModified":"2025-06-13T14:31:03+00:00","breadcrumb":{"@id":"https:\/\/couvreurmonteregie.com\/?page_id=14233#breadcrumb"},"inLanguage":"fr-FR","potentialAction":[{"@type":"ReadAction","target":["https:\/\/couvreurmonteregie.com\/?page_id=14233"]}]},{"@type":"BreadcrumbList","@id":"https:\/\/couvreurmonteregie.com\/?page_id=14233#breadcrumb","itemListElement":[{"@type":"ListItem","position":1,"name":"Accueil","item":"https:\/\/couvreurmonteregie.com\/"},{"@type":"ListItem","position":2,"name":"Nous joindre"}]},{"@type":"WebSite","@id":"https:\/\/www.couvreurmonteregie.com\/#website","url":"https:\/\/www.couvreurmonteregie.com\/","name":"Reseau plombier","description":"Sp\u00e9cialiste en toits plats commerciaux et r\u00e9sidentiels","publisher":{"@id":"https:\/\/www.couvreurmonteregie.com\/#organization"},"potentialAction":[{"@type":"SearchAction","target":{"@type":"EntryPoint","urlTemplate":"https:\/\/www.couvreurmonteregie.com\/?s={search_term_string}"},"query-input":{"@type":"PropertyValueSpecification","valueRequired":true,"valueName":"search_term_string"}}],"inLanguage":"fr-FR"},{"@type":"Organization","@id":"https:\/\/www.couvreurmonteregie.com\/#organization","name":"Reseau plombier","url":"https:\/\/www.couvreurmonteregie.com\/","logo":{"@type":"ImageObject","inLanguage":"fr-FR","@id":"https:\/\/www.couvreurmonteregie.com\/#\/schema\/logo\/image\/","url":"https:\/\/couvreurmonteregie.com\/wp-content\/uploads\/2023\/11\/LOGO_90PX.jpg","contentUrl":"https:\/\/couvreurmonteregie.com\/wp-content\/uploads\/2023\/11\/LOGO_90PX.jpg","width":254,"height":90,"caption":"Reseau plombier"},"image":{"@id":"https:\/\/www.couvreurmonteregie.com\/#\/schema\/logo\/image\/"}}]}},"_links":{"self":[{"href":"https:\/\/couvreurmonteregie.com\/index.php?rest_route=\/wp\/v2\/pages\/14233","targetHints":{"allow":["GET"]}}],"collection":[{"href":"https:\/\/couvreurmonteregie.com\/index.php?rest_route=\/wp\/v2\/pages"}],"about":[{"href":"https:\/\/couvreurmonteregie.com\/index.php?rest_route=\/wp\/v2\/types\/page"}],"author":[{"embeddable":true,"href":"https:\/\/couvreurmonteregie.com\/index.php?rest_route=\/wp\/v2\/users\/1335"}],"replies":[{"embeddable":true,"href":"https:\/\/couvreurmonteregie.com\/index.php?rest_route=%2Fwp%2Fv2%2Fcomments&post=14233"}],"version-history":[{"count":28,"href":"https:\/\/couvreurmonteregie.com\/index.php?rest_route=\/wp\/v2\/pages\/14233\/revisions"}],"predecessor-version":[{"id":15080,"href":"https:\/\/couvreurmonteregie.com\/index.php?rest_route=\/wp\/v2\/pages\/14233\/revisions\/15080"}],"wp:attachment":[{"href":"https:\/\/couvreurmonteregie.com\/index.php?rest_route=%2Fwp%2Fv2%2Fmedia&parent=14233"}],"wp:term":[{"taxonomy":"ville","embeddable":true,"href":"https:\/\/couvreurmonteregie.com\/index.php?rest_route=%2Fwp%2Fv2%2Fville&post=14233"},{"taxonomy":"categorie","embeddable":true,"href":"https:\/\/couvreurmonteregie.com\/index.php?rest_route=%2Fwp%2Fv2%2Fcategorie&post=14233"}],"curies":[{"name":"wp","href":"https:\/\/api.w.org\/{rel}","templated":true}]}}